{"id":19378,"date":"2025-05-01T09:03:42","date_gmt":"2025-05-01T09:03:42","guid":{"rendered":"https:\/\/worlduniversityofdesign.ac.in\/miw-2025\/?page_id=19378"},"modified":"2025-05-01T09:08:18","modified_gmt":"2025-05-01T09:08:18","slug":"sonali-barua","status":"publish","type":"page","link":"https:\/\/worlduniversityofdesign.ac.in\/miw-2025\/sonali-barua\/","title":{"rendered":"Sonali Barua"},"content":{"rendered":"\t\t<div data-elementor-type=\"wp-page\" data-elementor-id=\"19378\" class=\"elementor elementor-19378\">\n\t\t\t\t\t\t<section class=\"elementor-section elementor-top-section elementor-element elementor-element-73bafd7 elementor-section-boxed elementor-section-height-default elementor-section-height-default\" data-id=\"73bafd7\" data-element_type=\"section\" data-settings=\"{&quot;background_background&quot;:&quot;classic&quot;}\">\n\t\t\t\t\t\t<div class=\"elementor-container elementor-column-gap-default\">\n\t\t\t\t\t<div class=\"elementor-column elementor-col-100 elementor-top-column elementor-element elementor-element-a4e9a88\" data-id=\"a4e9a88\" data-element_type=\"column\">\n\t\t\t<div class=\"elementor-widget-wrap elementor-element-populated\">\n\t\t\t\t\t\t<div class=\"elementor-element elementor-element-dd4e04e elementor-widget elementor-widget-heading\" data-id=\"dd4e04e\" data-element_type=\"widget\" data-widget_type=\"heading.default\">\n\t\t\t\t<div class=\"elementor-widget-container\">\n\t\t\t\t\t<h2 class=\"elementor-heading-title elementor-size-default\">School of Performing Arts (masters):<br><\/h2>\t\t\t\t<\/div>\n\t\t\t\t<\/div>\n\t\t\t\t\t<\/div>\n\t\t<\/div>\n\t\t\t\t\t<\/div>\n\t\t<\/section>\n\t\t<div class=\"elementor-element elementor-element-a72e9e5 e-flex e-con-boxed e-con e-parent\" data-id=\"a72e9e5\" data-element_type=\"container\">\n\t\t\t\t\t<div class=\"e-con-inner\">\n\t\t<div class=\"elementor-element elementor-element-f531f66 e-con-full e-flex e-con e-child\" data-id=\"f531f66\" data-element_type=\"container\">\n\t\t\t\t<div class=\"elementor-element elementor-element-3535c96 elementor-widget elementor-widget-image\" data-id=\"3535c96\" data-element_type=\"widget\" data-widget_type=\"image.default\">\n\t\t\t\t<div class=\"elementor-widget-container\">\n\t\t\t\t\t\t\t\t\t\t\t\t\t\t\t<img decoding=\"async\" width=\"165\" height=\"165\" src=\"https:\/\/worlduniversityofdesign.ac.in\/miw-2025\/wp-content\/uploads\/2025\/04\/23M0028.jpg\" class=\"attachment-large size-large wp-image-18310\" alt=\"\" srcset=\"https:\/\/worlduniversityofdesign.ac.in\/miw-2025\/wp-content\/uploads\/2025\/04\/23M0028.jpg 165w, https:\/\/worlduniversityofdesign.ac.in\/miw-2025\/wp-content\/uploads\/2025\/04\/23M0028-150x150.jpg 150w\" sizes=\"(max-width: 165px) 100vw, 165px\" \/>\t\t\t\t\t\t\t\t\t\t\t\t\t\t\t<\/div>\n\t\t\t\t<\/div>\n\t\t\t\t<\/div>\n\t\t<div class=\"elementor-element elementor-element-c3be272 e-con-full e-flex e-con e-child\" data-id=\"c3be272\" data-element_type=\"container\">\n\t\t\t\t<div class=\"elementor-element elementor-element-704f267 elementor-widget elementor-widget-text-editor\" data-id=\"704f267\" data-element_type=\"widget\" data-widget_type=\"text-editor.default\">\n\t\t\t\t<div class=\"elementor-widget-container\">\n\t\t\t\t\t\t\t\t\t<p><span style=\"font-size: 12pt;\" data-sheets-root=\"1\">Sonali Barua<\/span><\/p>\t\t\t\t\t\t\t\t<\/div>\n\t\t\t\t<\/div>\n\t\t\t\t<\/div>\n\t\t\t\t\t<\/div>\n\t\t\t\t<\/div>\n\t\t<div class=\"elementor-element elementor-element-77ae2e3 e-con-full e-flex e-con e-parent\" data-id=\"77ae2e3\" data-element_type=\"container\">\n\t\t\t\t<div class=\"elementor-element elementor-element-bcf8249 elementor-widget elementor-widget-heading\" data-id=\"bcf8249\" data-element_type=\"widget\" data-widget_type=\"heading.default\">\n\t\t\t\t<div class=\"elementor-widget-container\">\n\t\t\t\t\t<h2 class=\"elementor-heading-title elementor-size-default\">Sonali Barua is an Odissi Dancer. She\u2019s dancing from a very early age. She has learnt from Gandharva Mahavidyalaya under Padmashree Madhavi Mudgal for Twelve years and now presently working with Vidushi Kavita Dwibedi. She has performed Nationally and Internationally and worked with renowned Guru\u2019s like \u2013 Santosh Nair, Dr. Sonal Mansingh, Master Fernando Aguilera and several fame figures. She has also worked under ICCR, Doordarshan, Teamworks, NCPA, Ministry of culture and SNA.\n\n\n<\/h2>\t\t\t\t<\/div>\n\t\t\t\t<\/div>\n\t\t\t\t<\/div>\n\t\t<div class=\"elementor-element elementor-element-f517e1c e-flex e-con-boxed e-con e-parent\" data-id=\"f517e1c\" data-element_type=\"container\">\n\t\t\t\t\t<div class=\"e-con-inner\">\n\t\t\t\t<div class=\"elementor-element elementor-element-48e7f0f elementor-widget elementor-widget-heading\" data-id=\"48e7f0f\" data-element_type=\"widget\" data-widget_type=\"heading.default\">\n\t\t\t\t<div class=\"elementor-widget-container\">\n\t\t\t\t\t<h2 class=\"elementor-heading-title elementor-size-default\"><b>Graduation Project<\/b>\n<br><br>\n<b>Project Title <\/b>\u2013 In the shades of Shakuntala: The Nayika within\n\n<br>\n<b>Project Sponsor <\/b> - Self\n<br><br>\nThis presentation interprets the story of Shakuntala through the theoretical framework of the N\u0101yik\u0101 as outlined in the N\u0101\u1e6dya\u015b\u0101stra, emphasizing the nuanced portrayal of her emotional and moral strength. By tracing her journey through love, separation, and eventual self-realization, the work explores how Shakuntala embodies key aspects of the classical heroine\u2014grace, dignity, resilience, and inner agency\u2014while navigating complex personal and social circumstances.\n\n<\/h2>\t\t\t\t<\/div>\n\t\t\t\t<\/div>\n\t\t\t\t\t<\/div>\n\t\t\t\t<\/div>\n\t\t<div class=\"elementor-element elementor-element-eff18e8 e-flex e-con-boxed e-con e-parent\" data-id=\"eff18e8\" data-element_type=\"container\">\n\t\t\t\t\t<div class=\"e-con-inner\">\n\t\t\t\t\t<\/div>\n\t\t\t\t<\/div>\n\t\t\t\t<\/div>\n\t\t","protected":false},"excerpt":{"rendered":"<p>School of Performing Arts (masters): Sonali Barua Sonali Barua is an Odissi Dancer. She\u2019s dancing from a very early age. She has learnt from Gandharva Mahavidyalaya under Padmashree Madhavi Mudgal for Twelve years and now presently working with Vidushi Kavita &hellip; <\/p>\n","protected":false},"author":1,"featured_media":0,"parent":0,"menu_order":0,"comment_status":"closed","ping_status":"closed","template":"elementor_header_footer","meta":{"pmpro_default_level":"","footnotes":""},"class_list":["post-19378","page","type-page","status-publish","hentry","pmpro-has-access"],"_links":{"self":[{"href":"https:\/\/worlduniversityofdesign.ac.in\/miw-2025\/wp-json\/wp\/v2\/pages\/19378","targetHints":{"allow":["GET"]}}],"collection":[{"href":"https:\/\/worlduniversityofdesign.ac.in\/miw-2025\/wp-json\/wp\/v2\/pages"}],"about":[{"href":"https:\/\/worlduniversityofdesign.ac.in\/miw-2025\/wp-json\/wp\/v2\/types\/page"}],"author":[{"embeddable":true,"href":"https:\/\/worlduniversityofdesign.ac.in\/miw-2025\/wp-json\/wp\/v2\/users\/1"}],"replies":[{"embeddable":true,"href":"https:\/\/worlduniversityofdesign.ac.in\/miw-2025\/wp-json\/wp\/v2\/comments?post=19378"}],"version-history":[{"count":4,"href":"https:\/\/worlduniversityofdesign.ac.in\/miw-2025\/wp-json\/wp\/v2\/pages\/19378\/revisions"}],"predecessor-version":[{"id":19411,"href":"https:\/\/worlduniversityofdesign.ac.in\/miw-2025\/wp-json\/wp\/v2\/pages\/19378\/revisions\/19411"}],"wp:attachment":[{"href":"https:\/\/worlduniversityofdesign.ac.in\/miw-2025\/wp-json\/wp\/v2\/media?parent=19378"}],"curies":[{"name":"wp","href":"https:\/\/api.w.org\/{rel}","templated":true}]}}